{"id":644,"date":"2023-06-10T21:05:21","date_gmt":"2023-06-11T00:05:21","guid":{"rendered":"http:\/\/eolsantafe.com.ar\/eol\/?page_id=644"},"modified":"2023-06-10T21:30:22","modified_gmt":"2023-06-11T00:30:22","slug":"actividades-y-textos","status":"publish","type":"page","link":"http:\/\/eolsantafe.com.ar\/eol\/actividades-y-textos\/","title":{"rendered":"Actividades y textos"},"content":{"rendered":"\n<p style=\"font-size:33px\"><strong>Actividades y textos<\/strong><\/p>\n\n\n<ul class=\"wp-block-latest-posts__list is-grid columns-3 wp-block-latest-posts\"><li><div class=\"wp-block-latest-posts__featured-image\"><img loading=\"lazy\" decoding=\"async\" width=\"150\" height=\"150\" src=\"http:\/\/eolsantafe.com.ar\/eol\/wp-content\/uploads\/2025\/05\/WhatsApp-Image-2025-04-28-at-17.34.50-150x150.jpeg\" class=\"attachment-thumbnail size-thumbnail wp-post-image\" alt=\"\" style=\"max-width:150px;max-height:150px;\" \/><\/div><a class=\"wp-block-latest-posts__post-title\" href=\"http:\/\/eolsantafe.com.ar\/eol\/2025\/05\/03\/carteles-2\/\">Carteles<\/a><div class=\"wp-block-latest-posts__post-excerpt\">Los esperamos el pr\u00f3ximo mi\u00e9rcoles para conversar acerca de la constituci\u00f3n de un grupo de cartel: \u00bfQu\u00e9 es?, \u00bfCu\u00e1l es la funci\u00f3n del m\u00e1s uno?&hellip;<\/div><\/li>\n<li><div class=\"wp-block-latest-posts__featured-image\"><img loading=\"lazy\" decoding=\"async\" width=\"150\" height=\"150\" src=\"http:\/\/eolsantafe.com.ar\/eol\/wp-content\/uploads\/2023\/07\/png-cart-1-150x150.png\" class=\"attachment-thumbnail size-thumbnail wp-post-image\" alt=\"\" style=\"max-width:150px;max-height:150px;\" \/><\/div><a class=\"wp-block-latest-posts__post-title\" href=\"http:\/\/eolsantafe.com.ar\/eol\/2023\/06\/09\/reunion-nacional-de-carteles-logicas-colectivas-del-cartel\/\">Reuni\u00f3n Nacional de Carteles &#8220;L\u00f3gicas colectivas del cartel&#8221;<\/a><div class=\"wp-block-latest-posts__post-excerpt\"><\/div><\/li>\n<li><div class=\"wp-block-latest-posts__featured-image\"><img loading=\"lazy\" decoding=\"async\" width=\"150\" height=\"150\" src=\"http:\/\/eolsantafe.com.ar\/eol\/wp-content\/uploads\/2023\/05\/WhatsApp-Image-2023-05-16-at-20.15.11-150x150.jpeg\" class=\"attachment-thumbnail size-thumbnail wp-post-image\" alt=\"\" style=\"max-width:150px;max-height:150px;\" srcset=\"http:\/\/eolsantafe.com.ar\/eol\/wp-content\/uploads\/2023\/05\/WhatsApp-Image-2023-05-16-at-20.15.11-150x150.jpeg 150w, http:\/\/eolsantafe.com.ar\/eol\/wp-content\/uploads\/2023\/05\/WhatsApp-Image-2023-05-16-at-20.15.11-300x300.jpeg 300w, http:\/\/eolsantafe.com.ar\/eol\/wp-content\/uploads\/2023\/05\/WhatsApp-Image-2023-05-16-at-20.15.11-1024x1024.jpeg 1024w, http:\/\/eolsantafe.com.ar\/eol\/wp-content\/uploads\/2023\/05\/WhatsApp-Image-2023-05-16-at-20.15.11-768x768.jpeg 768w, http:\/\/eolsantafe.com.ar\/eol\/wp-content\/uploads\/2023\/05\/WhatsApp-Image-2023-05-16-at-20.15.11.jpeg 1080w\" sizes=\"auto, (max-width: 150px) 100vw, 150px\" \/><\/div><a class=\"wp-block-latest-posts__post-title\" href=\"http:\/\/eolsantafe.com.ar\/eol\/2023\/05\/24\/carteles\/\">Carteles<\/a><div class=\"wp-block-latest-posts__post-excerpt\"><\/div><\/li>\n<li><div class=\"wp-block-latest-posts__featured-image\"><img loading=\"lazy\" decoding=\"async\" width=\"150\" height=\"150\" src=\"http:\/\/eolsantafe.com.ar\/eol\/wp-content\/uploads\/2023\/05\/prueba1-150x150.png\" class=\"attachment-thumbnail size-thumbnail wp-post-image\" alt=\"\" style=\"max-width:150px;max-height:150px;\" srcset=\"http:\/\/eolsantafe.com.ar\/eol\/wp-content\/uploads\/2023\/05\/prueba1-150x150.png 150w, http:\/\/eolsantafe.com.ar\/eol\/wp-content\/uploads\/2023\/05\/prueba1-300x300.png 300w, http:\/\/eolsantafe.com.ar\/eol\/wp-content\/uploads\/2023\/05\/prueba1.png 400w\" sizes=\"auto, (max-width: 150px) 100vw, 150px\" \/><\/div><a class=\"wp-block-latest-posts__post-title\" href=\"http:\/\/eolsantafe.com.ar\/eol\/2023\/05\/18\/jornada-nacional-de-carteles\/\">JORNADAS NACIONALES DE CARTELES<\/a><div class=\"wp-block-latest-posts__post-excerpt\"><\/div><\/li>\n<\/ul>","protected":false},"excerpt":{"rendered":"<p>Actividades y textos<\/p>\n","protected":false},"author":1,"featured_media":0,"parent":0,"menu_order":0,"comment_status":"closed","ping_status":"closed","template":"","meta":{"footnotes":""},"class_list":["post-644","page","type-page","status-publish","hentry"],"_links":{"self":[{"href":"http:\/\/eolsantafe.com.ar\/eol\/wp-json\/wp\/v2\/pages\/644","targetHints":{"allow":["GET"]}}],"collection":[{"href":"http:\/\/eolsantafe.com.ar\/eol\/wp-json\/wp\/v2\/pages"}],"about":[{"href":"http:\/\/eolsantafe.com.ar\/eol\/wp-json\/wp\/v2\/types\/page"}],"author":[{"embeddable":true,"href":"http:\/\/eolsantafe.com.ar\/eol\/wp-json\/wp\/v2\/users\/1"}],"replies":[{"embeddable":true,"href":"http:\/\/eolsantafe.com.ar\/eol\/wp-json\/wp\/v2\/comments?post=644"}],"version-history":[{"count":3,"href":"http:\/\/eolsantafe.com.ar\/eol\/wp-json\/wp\/v2\/pages\/644\/revisions"}],"predecessor-version":[{"id":674,"href":"http:\/\/eolsantafe.com.ar\/eol\/wp-json\/wp\/v2\/pages\/644\/revisions\/674"}],"wp:attachment":[{"href":"http:\/\/eolsantafe.com.ar\/eol\/wp-json\/wp\/v2\/media?parent=644"}],"curies":[{"name":"wp","href":"https:\/\/api.w.org\/{rel}","templated":true}]}}