{"id":590,"date":"2023-06-07T10:29:29","date_gmt":"2023-06-07T13:29:29","guid":{"rendered":"http:\/\/eolsantafe.com.ar\/eol\/?page_id=590"},"modified":"2023-07-14T18:49:00","modified_gmt":"2023-07-14T21:49:00","slug":"amp","status":"publish","type":"page","link":"http:\/\/eolsantafe.com.ar\/eol\/amp\/","title":{"rendered":"AMP"},"content":{"rendered":"<ul class=\"wp-block-latest-posts__list is-grid columns-3 has-dates wp-block-latest-posts\"><li><div class=\"wp-block-latest-posts__featured-image\"><img loading=\"lazy\" decoding=\"async\" width=\"150\" height=\"150\" src=\"http:\/\/eolsantafe.com.ar\/eol\/wp-content\/uploads\/2023\/07\/moondo-150x150.jpg\" class=\"attachment-thumbnail size-thumbnail wp-post-image\" alt=\"\" style=\"max-width:113px;max-height:113px;\" \/><\/div><a class=\"wp-block-latest-posts__post-title\" href=\"http:\/\/eolsantafe.com.ar\/eol\/2023\/07\/14\/nueva-publicacion-de-la-asociacion-mundial-de-psicoanalisis\/\">Nueva publicaci\u00f3n de la Asociaci\u00f3n Mundial de Psicoan\u00e1lisis\u00a0<\/a><time datetime=\"2023-07-14T19:48:12-03:00\" class=\"wp-block-latest-posts__post-date\">14 julio, 2023<\/time><div class=\"wp-block-latest-posts__post-excerpt\">Haga Clic aqu\u00ed:<\/div><\/li>\n<li><div class=\"wp-block-latest-posts__featured-image\"><img loading=\"lazy\" decoding=\"async\" width=\"150\" height=\"150\" src=\"http:\/\/eolsantafe.com.ar\/eol\/wp-content\/uploads\/2023\/07\/unnamed-150x150.png\" class=\"attachment-thumbnail size-thumbnail wp-post-image\" alt=\"\" style=\"max-width:113px;max-height:113px;\" \/><\/div><a class=\"wp-block-latest-posts__post-title\" href=\"http:\/\/eolsantafe.com.ar\/eol\/2023\/07\/06\/xiv-congreso-de-la-amp\/\">XIV Congreso de la AMP: &#8220;Todo el mundo es loco&#8221;<\/a><time datetime=\"2023-07-06T16:14:18-03:00\" class=\"wp-block-latest-posts__post-date\">6 julio, 2023<\/time><div class=\"wp-block-latest-posts__post-excerpt\"><\/div><\/li>\n<\/ul>\n\n\n<figure class=\"wp-block-image size-full is-resized\"><a href=\"https:\/\/uqbarwapol.us18.list-manage.com\/subscribe?u=8201efd775e32d87e18c79dc7&amp;id=53f4aaa564\"><img loading=\"lazy\" decoding=\"async\" src=\"http:\/\/eolsantafe.com.ar\/eol\/wp-content\/uploads\/2023\/07\/AMP.png\" alt=\"\" class=\"wp-image-845\" width=\"278\" height=\"128\" srcset=\"http:\/\/eolsantafe.com.ar\/eol\/wp-content\/uploads\/2023\/07\/AMP.png 800w, http:\/\/eolsantafe.com.ar\/eol\/wp-content\/uploads\/2023\/07\/AMP-300x138.png 300w, http:\/\/eolsantafe.com.ar\/eol\/wp-content\/uploads\/2023\/07\/AMP-768x353.png 768w\" sizes=\"auto, (max-width: 278px) 100vw, 278px\" \/><\/a><\/figure>\n","protected":false},"excerpt":{"rendered":"","protected":false},"author":1,"featured_media":0,"parent":0,"menu_order":0,"comment_status":"closed","ping_status":"closed","template":"","meta":{"footnotes":""},"class_list":["post-590","page","type-page","status-publish","hentry"],"_links":{"self":[{"href":"http:\/\/eolsantafe.com.ar\/eol\/wp-json\/wp\/v2\/pages\/590","targetHints":{"allow":["GET"]}}],"collection":[{"href":"http:\/\/eolsantafe.com.ar\/eol\/wp-json\/wp\/v2\/pages"}],"about":[{"href":"http:\/\/eolsantafe.com.ar\/eol\/wp-json\/wp\/v2\/types\/page"}],"author":[{"embeddable":true,"href":"http:\/\/eolsantafe.com.ar\/eol\/wp-json\/wp\/v2\/users\/1"}],"replies":[{"embeddable":true,"href":"http:\/\/eolsantafe.com.ar\/eol\/wp-json\/wp\/v2\/comments?post=590"}],"version-history":[{"count":4,"href":"http:\/\/eolsantafe.com.ar\/eol\/wp-json\/wp\/v2\/pages\/590\/revisions"}],"predecessor-version":[{"id":981,"href":"http:\/\/eolsantafe.com.ar\/eol\/wp-json\/wp\/v2\/pages\/590\/revisions\/981"}],"wp:attachment":[{"href":"http:\/\/eolsantafe.com.ar\/eol\/wp-json\/wp\/v2\/media?parent=590"}],"curies":[{"name":"wp","href":"https:\/\/api.w.org\/{rel}","templated":true}]}}