{"id":479,"date":"2023-05-22T13:59:07","date_gmt":"2023-05-22T16:59:07","guid":{"rendered":"http:\/\/eolsantafe.com.ar\/eol\/?page_id=479"},"modified":"2025-04-07T21:04:47","modified_gmt":"2025-04-08T00:04:47","slug":"campo-freudiano","status":"publish","type":"page","link":"http:\/\/eolsantafe.com.ar\/eol\/campo-freudiano\/","title":{"rendered":"Campo Freudiano. FAPOL"},"content":{"rendered":"\n<p class=\"has-text-color has-background has-link-color wp-elements-0221603fdc2f0fdb1287cba75a2a2f14\" style=\"color:#010101;background-color:#1102ffad;font-size:22px\"><strong>CAMPO FREUDIANO <\/strong><\/p>\n\n\n\n<p class=\"has-text-color has-link-color wp-elements-c9c903908beb00c9b9864554876fb9a0\" style=\"color:#010101\">En febrero de 1979 Jacques Lacan cre\u00f3 la&nbsp;<strong><em>Fundaci\u00f3n del Campo freudiano<\/em><\/strong>, desde entonces el&nbsp;<strong><em>Campo freudiano<\/em><\/strong>&nbsp;recibe a quienes intentan sostener, difundir y profundizar la Orientaci\u00f3n lacaniana en el psicoan\u00e1lisis en sus pa\u00edses, en sus lenguas y en sus culturas. El Campo freudiano fue el lugar, y el antecedente de donde surgieron y fueron constituidas siete Escuelas del Campo freudiano, que, con la Escuela de la Causa freudiana, pertenecen hoy a la Asociaci\u00f3n Mundial de Psicoan\u00e1lisis.<\/p>\n\n\n\n<p class=\"has-text-color has-link-color wp-elements-aef1b87a97a4c8f38eb88ab70d8eb9b0\" style=\"color:#010101\"><strong>La Federaci\u00f3n Internacional de Bibliotecas del Campo freudiano<\/strong>&nbsp;apoy\u00f3 este gran movimiento desde 1990. A trav\u00e9s del mundo se impuls\u00f3 la creaci\u00f3n de Bibliotecas y el debate, y asegurando la circulaci\u00f3n de las publicaciones internacionales del Campo freudiano y de la AMP.<\/p>\n\n\n\n<p class=\"has-text-color has-link-color wp-elements-12739c9b360ae36edbc9a5cd7b4a1b0f\" style=\"color:#010101\">La Fundaci\u00f3n alberga al&nbsp;<strong>Instituto del Campo freudiano<\/strong>, y alienta decididamente m\u00faltiples redes y grupos de estudio e investigaci\u00f3n que trabajan en la difusi\u00f3n del psicoan\u00e1lisis, especialmente en pa\u00edses donde el psicoan\u00e1lisis hab\u00eda sido hasta entonces ignorado, incluso prohibido (Europa Oriental y Cuba por ejemplo).<\/p>\n\n\n\n<p class=\"has-text-color has-link-color wp-elements-06daf890f53e61efa0480c7eac75d753\" style=\"color:#010101\">Los grupos de investigaci\u00f3n y los de intercambio cient\u00edfico de \u00e1mbito internacional tienen cada uno sus causas y \u00e1reas espec\u00edficas de dedicaci\u00f3n (Toxicoman\u00eda y Alcoholismo, Anorexia y Bulimia, Ni\u00f1os, Violencia, etc.) cuyos resultados son dados a conocer en jornadas o encuentros que le son propios, y por una amplia red de publicaciones. La direcci\u00f3n del Instituto est\u00e1 a cargo de Jacques-Alain Miller.<\/p>\n\n\n\n<p class=\"has-text-color has-background has-link-color wp-elements-5b403ee9ce769d14e0f0f91fa8511b83\" style=\"color:#010101;background-color:#92fbde;font-size:22px\"><strong>NUEVA RED CEREDA &#8211; NRC<\/strong><\/p>\n\n\n\n<p class=\"has-text-color has-link-color wp-elements-de74a34da1262b1bb14d73aff60b48a2\" style=\"color:#010101\">El CEREDA, Centro de Investigaci\u00f3n sobre el Ni\u00f1o en el Discurso Anal\u00edtico (Centre d\u00b4Etude et de Recherche sur l\u00b4Enfant dans le Discours Analytique), fue fundado en 1982 en Par\u00eds y animado por Eric Laurent, Rosine Lefort, Robert Lefort, Jacques Alain Miller y Judith Miller.<\/p>\n\n\n\n<p class=\"has-text-color has-link-color wp-elements-e99ffa4df9328a35bf66b884e0b85f7c\" style=\"color:#010101\">Es un grupo de investigaci\u00f3n de orientaci\u00f3n lacaniana, vinculado al Instituto del Campo Freudiano.<br>El principio en que se funda es que el psicoan\u00e1lisis es uno. Los conceptos y matemas de Lacan- la estructura, el significante, el Otro, el objeto a- conciernen tanto al ni\u00f1o como al adulto.<\/p>\n\n\n\n<p class=\"has-text-color has-link-color wp-elements-0b18eb79c8b2e28812d51141a413db0a\" style=\"color:#010101\">El CEREDA constituy\u00f3 la <strong>Nueva Red CEREDA<\/strong> que tiene car\u00e1cter internacional y re\u00fane a grupos de diferentes pa\u00edses que se inscriben bajo este significante y en el marco de la formaci\u00f3n que proporciona el Campo Freudiano y sus Escuelas.<br>Los grupos se vinculan a trav\u00e9s de sus diagonales franc\u00f3fona e hispanoparlante, quienes se encargan de extender el discurso anal\u00edtico en intensi\u00f3n sobre el ni\u00f1o.<br>Los medios son m\u00faltiples: publicaciones, listas electr\u00f3nicas, jornadas nacionales e internacionales.<br>La revista de la Diagonal franc\u00f3fona del Cereda es &#8220;La petite Girafe&#8221; y la revista de la Diagonal hispanohablante es &#8220;Carretel&#8221; y \u201cRayuela\u201d.<br>Las listas electr\u00f3nicas informan sobre las actividades de los grupos, realizan intercambios de publicaciones, art\u00edculos y debates.<\/p>\n\n\n\n<p class=\"has-text-color has-link-color wp-elements-bebd8dde67803b98111988a76b9d41c0\" style=\"color:#010101\"><a href=\"https:\/\/www.revistarayuela.com\/es\/010\/index.php\">https:\/\/www.revistarayuela.com\/es\/010\/index.php<\/a><\/p>\n\n\n\n<p class=\"has-text-color has-background has-link-color wp-elements-f817352de0ab21c21bfda9d766bf383a\" style=\"color:#010101;background-color:#91fadc91;font-size:22px\"><strong>TRABALENGUAS<\/strong><\/p>\n\n\n\n<p class=\"has-text-color has-link-color wp-elements-6579965e25d8d605af1afcb09e948eb3\" style=\"color:#010101\">Espacio de investigaci\u00f3n y transmisi\u00f3n del psicoan\u00e1lisis con ni\u00f1os, de Santa Fe. Nudo de la NRC (Nueva Red Cereda) del Campo Freudiano.<\/p>\n\n\n\n<p class=\"has-text-color has-link-color wp-elements-b99a1c8037f7e1fa2c1a896776938fa6\" style=\"color:#010101\"><a href=\"http:\/\/www.trabalenguas-eolsantafe.blogspot.com.ar\/\">http:\/\/www.trabalenguas-eolsantafe.blogspot.com.ar\/<\/a><\/p>\n\n\n\n<p class=\"has-text-color has-background has-link-color wp-elements-89eb1a94dfb7a0bfcad1b45475e29231\" style=\"color:#000000;background-color:#91fadc91;font-size:22px\"><strong>T y A Santa Fe<\/strong><\/p>\n\n\n\n<p class=\"has-text-color has-link-color wp-elements-65361b2904b98a90cf50d269baa55773\" style=\"color:#000000\">Espacio de investigaci\u00f3n sobre toxicoman\u00edas y alcoholismo, articulado al Departamento del T y A Argentina y a la Red internacional de T y A. Las distintas redes y espacios del T y A Argentina, se re\u00fanen anualmente en Jornadas Nacionales y tambi\u00e9n en Coloquios Internacionales cada dos a\u00f1os.<\/p>\n\n\n\n<p class=\"has-text-color has-link-color wp-elements-0f4bc90952e78b3d806795210bb075ac\" style=\"color:#000000\">Responsables: Elvira Dianno, Sabina Serniotti.<\/p>\n\n\n\n<p class=\"has-text-color has-link-color wp-elements-370f97a0d6c5f48a0b024c89d7ed0136\" style=\"color:#000000\"><strong>Pharmakon Online <\/strong><\/p>\n\n\n\n<figure class=\"wp-block-image size-full\"><a href=\"https:\/\/pharmakondigital.com\/?lang=es\"><img loading=\"lazy\" decoding=\"async\" width=\"526\" height=\"90\" src=\"http:\/\/eolsantafe.com.ar\/eol\/wp-content\/uploads\/2023\/07\/PH.png\" alt=\"\" class=\"wp-image-812\" srcset=\"http:\/\/eolsantafe.com.ar\/eol\/wp-content\/uploads\/2023\/07\/PH.png 526w, http:\/\/eolsantafe.com.ar\/eol\/wp-content\/uploads\/2023\/07\/PH-300x51.png 300w\" sizes=\"auto, (max-width: 526px) 100vw, 526px\" \/><\/a><\/figure>\n\n\n\n<p><\/p>\n\n\n\n<p class=\"has-text-color has-background has-link-color wp-elements-42d3eb3a38f2f1b0f529ff419fa468de\" style=\"color:#010101;background-color:#1102ffad;font-size:22px\"><strong>FAPOL<\/strong><\/p>\n\n\n\n<p class=\"has-text-color has-link-color wp-elements-54422f49c16784d20683035ab943d592\" style=\"color:#010101\">Federaci\u00f3n Americana de Psicoan\u00e1lisis de la Orientaci\u00f3n Lacaniana &#8211; <a href=\"https:\/\/fapol.org\">https:\/\/fapol.org<\/a><strong><\/strong><\/p>\n\n\n\n<p class=\"has-text-color has-link-color wp-elements-c899ea5b98c2cd04987749fa2011c802\" style=\"color:#010101\">La FAPOL Cuenta con 6 Observatorios dentro de los cuales se encuentra el Observatorio sobre Pol\u00edticas de Autismo.<\/p>\n\n\n\n<p class=\"has-text-color has-link-color wp-elements-c46692d483fbf5aa96916e30d112ece7\" style=\"color:#010101\">El Observatorio sobre Pol\u00edticas del Autismo de la FAPOL es un espacio de trabajo transnacional, que tiene por funci\u00f3n relevar, analizar y sistematizar informaci\u00f3n actualizada que sirva de apoyo e intercambio a psicoanalistas y a otros actores interesados en la cuesti\u00f3n del autismo.<\/p>\n\n\n\n<p class=\"has-text-color has-link-color wp-elements-2d35ed2e32798dde34669a7baca5bd20\" style=\"color:#010101\">La <strong>Antena Santa Fe<\/strong> forma parte del Observatorio sobre Pol\u00edticas de Autismo. &#8211; <\/p>\n\n\n\n<p class=\"has-text-color has-link-color wp-elements-5e6bf62da776fc29e3c13652f31b2835\" style=\"color:#000000\"><a href=\"https:\/\/www.facebook.com\/autismossantafe\">https:\/\/www.facebook.com\/autismossantafe<\/a><\/p>\n\n\n<ul class=\"wp-block-latest-posts__list is-grid columns-3 has-dates wp-block-latest-posts\"><li><div class=\"wp-block-latest-posts__featured-image\"><img loading=\"lazy\" decoding=\"async\" width=\"150\" height=\"150\" src=\"http:\/\/eolsantafe.com.ar\/eol\/wp-content\/uploads\/2024\/05\/trabalenguas-150x150.jpg\" class=\"attachment-thumbnail size-thumbnail wp-post-image\" alt=\"\" style=\"max-width:113px;max-height:113px;\" srcset=\"http:\/\/eolsantafe.com.ar\/eol\/wp-content\/uploads\/2024\/05\/trabalenguas-150x150.jpg 150w, http:\/\/eolsantafe.com.ar\/eol\/wp-content\/uploads\/2024\/05\/trabalenguas-300x300.jpg 300w, http:\/\/eolsantafe.com.ar\/eol\/wp-content\/uploads\/2024\/05\/trabalenguas-1024x1024.jpg 1024w, http:\/\/eolsantafe.com.ar\/eol\/wp-content\/uploads\/2024\/05\/trabalenguas-768x768.jpg 768w, http:\/\/eolsantafe.com.ar\/eol\/wp-content\/uploads\/2024\/05\/trabalenguas.jpg 1080w\" sizes=\"auto, (max-width: 150px) 100vw, 150px\" \/><\/div><a class=\"wp-block-latest-posts__post-title\" href=\"http:\/\/eolsantafe.com.ar\/eol\/2024\/03\/07\/trabalenguas\/\">TRABALENGUAS<\/a><time datetime=\"2024-03-07T21:15:29-03:00\" class=\"wp-block-latest-posts__post-date\">7 marzo, 2024<\/time><div class=\"wp-block-latest-posts__post-excerpt\"><\/div><\/li>\n<li><div class=\"wp-block-latest-posts__featured-image\"><img loading=\"lazy\" decoding=\"async\" width=\"150\" height=\"150\" src=\"http:\/\/eolsantafe.com.ar\/eol\/wp-content\/uploads\/2024\/05\/COLOQUIO-TYA-150x150.jpg\" class=\"attachment-thumbnail size-thumbnail wp-post-image\" alt=\"\" style=\"max-width:113px;max-height:113px;\" \/><\/div><a class=\"wp-block-latest-posts__post-title\" href=\"http:\/\/eolsantafe.com.ar\/eol\/2024\/03\/01\/4-coloquio-tya\/\">4 COLOQUIO TYA<\/a><time datetime=\"2024-03-01T21:22:41-03:00\" class=\"wp-block-latest-posts__post-date\">1 marzo, 2024<\/time><div class=\"wp-block-latest-posts__post-excerpt\"><\/div><\/li>\n<li><div class=\"wp-block-latest-posts__featured-image\"><img loading=\"lazy\" decoding=\"async\" width=\"150\" height=\"150\" src=\"http:\/\/eolsantafe.com.ar\/eol\/wp-content\/uploads\/2023\/07\/ENAPOL-Definitivo-ES-150x150.jpg\" class=\"attachment-thumbnail size-thumbnail wp-post-image\" alt=\"\" style=\"max-width:113px;max-height:113px;\" \/><\/div><a class=\"wp-block-latest-posts__post-title\" href=\"http:\/\/eolsantafe.com.ar\/eol\/2023\/07\/07\/xi-enapol-empezar-a-analizarse\/\">XI ENAPOL EMPEZAR A ANALIZARSE<\/a><time datetime=\"2023-07-07T22:53:54-03:00\" class=\"wp-block-latest-posts__post-date\">7 julio, 2023<\/time><div class=\"wp-block-latest-posts__post-excerpt\"><\/div><\/li>\n<li><div class=\"wp-block-latest-posts__featured-image\"><img loading=\"lazy\" decoding=\"async\" width=\"150\" height=\"150\" src=\"http:\/\/eolsantafe.com.ar\/eol\/wp-content\/uploads\/2023\/06\/xxviii-jornadas-tya-4-150x150.jpg\" class=\"attachment-thumbnail size-thumbnail wp-post-image\" alt=\"\" style=\"max-width:113px;max-height:113px;\" \/><\/div><a class=\"wp-block-latest-posts__post-title\" href=\"http:\/\/eolsantafe.com.ar\/eol\/2023\/04\/30\/xxviii-jornadas-nacionales-tya-argentina\/\">XXVIII Jornadas Nacionales TyA Argentina<\/a><time datetime=\"2023-04-30T07:36:00-03:00\" class=\"wp-block-latest-posts__post-date\">30 abril, 2023<\/time><div class=\"wp-block-latest-posts__post-excerpt\">&nbsp;TyA Santa Fe&nbsp;<\/div><\/li>\n<\/ul>","protected":false},"excerpt":{"rendered":"<p>CAMPO FREUDIANO En febrero de 1979 Jacques Lacan cre\u00f3 la&nbsp;Fundaci\u00f3n del Campo freudiano, desde entonces el&nbsp;Campo freudiano&nbsp;recibe a quienes intentan sostener, difundir y profundizar la&hellip;<\/p>\n","protected":false},"author":1,"featured_media":0,"parent":0,"menu_order":0,"comment_status":"closed","ping_status":"closed","template":"","meta":{"footnotes":""},"class_list":["post-479","page","type-page","status-publish","hentry"],"_links":{"self":[{"href":"http:\/\/eolsantafe.com.ar\/eol\/wp-json\/wp\/v2\/pages\/479","targetHints":{"allow":["GET"]}}],"collection":[{"href":"http:\/\/eolsantafe.com.ar\/eol\/wp-json\/wp\/v2\/pages"}],"about":[{"href":"http:\/\/eolsantafe.com.ar\/eol\/wp-json\/wp\/v2\/types\/page"}],"author":[{"embeddable":true,"href":"http:\/\/eolsantafe.com.ar\/eol\/wp-json\/wp\/v2\/users\/1"}],"replies":[{"embeddable":true,"href":"http:\/\/eolsantafe.com.ar\/eol\/wp-json\/wp\/v2\/comments?post=479"}],"version-history":[{"count":17,"href":"http:\/\/eolsantafe.com.ar\/eol\/wp-json\/wp\/v2\/pages\/479\/revisions"}],"predecessor-version":[{"id":1574,"href":"http:\/\/eolsantafe.com.ar\/eol\/wp-json\/wp\/v2\/pages\/479\/revisions\/1574"}],"wp:attachment":[{"href":"http:\/\/eolsantafe.com.ar\/eol\/wp-json\/wp\/v2\/media?parent=479"}],"curies":[{"name":"wp","href":"https:\/\/api.w.org\/{rel}","templated":true}]}}