{"id":2,"date":"2022-10-28T18:04:52","date_gmt":"2022-10-28T21:04:52","guid":{"rendered":"http:\/\/eolsantafe.com.ar\/eol\/?page_id=2"},"modified":"2025-10-29T08:31:11","modified_gmt":"2025-10-29T11:31:11","slug":"inicio","status":"publish","type":"page","link":"http:\/\/eolsantafe.com.ar\/eol\/","title":{"rendered":"Inicio"},"content":{"rendered":"\n<h2 class=\"wp-block-heading\">EOL Secci\u00f3n Santa Fe<\/h2>\n\n\n\n<p class=\"has-text-color has-link-color wp-elements-a622a24ea31e93b63bbaacbacdb90dcb\" style=\"color:#0b0a0a;font-size:22px\">Integrada por miembros y participantes, la Secci\u00f3n Santa Fe fue creada el 16 de mayo de 1998, a partir de la Biblioteca Freudiana de Santa Fe, instituci\u00f3n que difundi\u00f3 y transmiti\u00f3 el Psicoan\u00e1lisis en nuestra ciudad desde julio de 1991. Dicha Secci\u00f3n, en tanto es parte de la Escuela, se constituye en la convicci\u00f3n de ser un organismo de saber, expuesto en las ense\u00f1anzas que all\u00ed se sostienen y en la puesta a prueba constante de la formaci\u00f3n que dispensa. Realiza un trabajo sostenido y continuado por el porvenir del Psicoan\u00e1lisis en la ciudad.<\/p>\n\n\n\n<div class=\"wp-block-columns is-layout-flex wp-container-core-columns-is-layout-9d6595d7 wp-block-columns-is-layout-flex\">\n<div class=\"wp-block-column is-layout-flow wp-block-column-is-layout-flow\"><div class=\"wp-block-image\">\n<figure class=\"aligncenter size-full is-resized\"><img loading=\"lazy\" decoding=\"async\" width=\"6000\" height=\"4000\" src=\"http:\/\/eolsantafe.com.ar\/eol\/wp-content\/uploads\/2022\/11\/contacto.jpg\" alt=\"\" class=\"wp-image-233\" style=\"width:629px;height:auto\"\/><\/figure>\n<\/div>\n\n\n<div class=\"wp-block-buttons is-content-justification-center is-layout-flex wp-container-core-buttons-is-layout-16018d1d wp-block-buttons-is-layout-flex\">\n<div class=\"wp-block-button has-custom-width wp-block-button__width-75\"><a class=\"wp-block-button__link has-text-align-center wp-element-button\" href=\"http:\/\/eolsantafe.com.ar\/eol\/contacto\/\" style=\"border-radius:0px\">Contacto<\/a><\/div>\n<\/div>\n<\/div>\n<\/div>\n\n\n\n<div class=\"wp-block-columns is-layout-flex wp-container-core-columns-is-layout-9d6595d7 wp-block-columns-is-layout-flex\">\n<div class=\"wp-block-column is-layout-flow wp-block-column-is-layout-flow\"><div class=\"wp-block-image\">\n<figure class=\"aligncenter size-full is-resized\"><img loading=\"lazy\" decoding=\"async\" width=\"823\" height=\"231\" src=\"http:\/\/eolsantafe.com.ar\/eol\/wp-content\/uploads\/2023\/05\/mouse.png\" alt=\"\" class=\"wp-image-509\" style=\"width:296px;height:83px\" srcset=\"http:\/\/eolsantafe.com.ar\/eol\/wp-content\/uploads\/2023\/05\/mouse.png 823w, http:\/\/eolsantafe.com.ar\/eol\/wp-content\/uploads\/2023\/05\/mouse-300x84.png 300w, http:\/\/eolsantafe.com.ar\/eol\/wp-content\/uploads\/2023\/05\/mouse-768x216.png 768w\" sizes=\"auto, (max-width: 823px) 100vw, 823px\" \/><\/figure>\n<\/div><\/div>\n<\/div>\n\n\n\n<p class=\"has-text-align-center has-text-color has-link-color wp-elements-a4d9ceae04a79acf6d4bfb6bc4630976\" style=\"color:#a834c3;font-size:25px\"><\/p>\n\n\n\n<div class=\"wp-block-columns is-layout-flex wp-container-core-columns-is-layout-9d6595d7 wp-block-columns-is-layout-flex\" style=\"font-size:0px;letter-spacing:0px\">\n<div class=\"wp-block-column is-layout-flow wp-block-column-is-layout-flow\"><div class=\"wp-block-image\">\n<figure class=\"aligncenter size-full is-resized\"><a href=\"https:\/\/uqbarwapol.com\/\"><img loading=\"lazy\" decoding=\"async\" width=\"404\" height=\"360\" src=\"http:\/\/eolsantafe.com.ar\/eol\/wp-content\/uploads\/2025\/10\/AMPP.jpg\" alt=\"\" class=\"wp-image-1866\" style=\"width:150px\" srcset=\"http:\/\/eolsantafe.com.ar\/eol\/wp-content\/uploads\/2025\/10\/AMPP.jpg 404w, http:\/\/eolsantafe.com.ar\/eol\/wp-content\/uploads\/2025\/10\/AMPP-300x267.jpg 300w\" sizes=\"auto, (max-width: 404px) 100vw, 404px\" \/><\/a><\/figure>\n<\/div><\/div>\n\n\n\n<div class=\"wp-block-column is-layout-flow wp-block-column-is-layout-flow\"><div class=\"wp-block-image\">\n<figure class=\"aligncenter size-full is-resized\"><a href=\"https:\/\/fapol.org\/\"><img loading=\"lazy\" decoding=\"async\" width=\"404\" height=\"360\" src=\"http:\/\/eolsantafe.com.ar\/eol\/wp-content\/uploads\/2025\/10\/FAPOL.jpg\" alt=\"\" class=\"wp-image-1867\" style=\"width:150px\" srcset=\"http:\/\/eolsantafe.com.ar\/eol\/wp-content\/uploads\/2025\/10\/FAPOL.jpg 404w, http:\/\/eolsantafe.com.ar\/eol\/wp-content\/uploads\/2025\/10\/FAPOL-300x267.jpg 300w\" sizes=\"auto, (max-width: 404px) 100vw, 404px\" \/><\/a><\/figure>\n<\/div><\/div>\n\n\n\n<div class=\"wp-block-column is-layout-flow wp-block-column-is-layout-flow\"><div class=\"wp-block-image\">\n<figure class=\"aligncenter size-full is-resized\"><a href=\"https:\/\/www.association-mondiale-psychanalyse.org\/\"><img loading=\"lazy\" decoding=\"async\" width=\"404\" height=\"360\" src=\"http:\/\/eolsantafe.com.ar\/eol\/wp-content\/uploads\/2025\/10\/UQBAR.jpg\" alt=\"\" class=\"wp-image-1868\" style=\"width:150px\" srcset=\"http:\/\/eolsantafe.com.ar\/eol\/wp-content\/uploads\/2025\/10\/UQBAR.jpg 404w, http:\/\/eolsantafe.com.ar\/eol\/wp-content\/uploads\/2025\/10\/UQBAR-300x267.jpg 300w\" sizes=\"auto, (max-width: 404px) 100vw, 404px\" \/><\/a><\/figure>\n<\/div><\/div>\n<\/div>\n\n\n\n<div class=\"wp-block-columns is-layout-flex wp-container-core-columns-is-layout-9d6595d7 wp-block-columns-is-layout-flex\" style=\"font-size:0px\">\n<div class=\"wp-block-column is-layout-flow wp-block-column-is-layout-flow\"><div class=\"wp-block-image\">\n<figure class=\"aligncenter size-full is-resized\"><a href=\"https:\/\/mondodispatch.com\/es\/\"><img loading=\"lazy\" decoding=\"async\" width=\"404\" height=\"360\" src=\"http:\/\/eolsantafe.com.ar\/eol\/wp-content\/uploads\/2025\/10\/Sin-titulo-1.jpg\" alt=\"\" class=\"wp-image-1874\" style=\"width:150px\" srcset=\"http:\/\/eolsantafe.com.ar\/eol\/wp-content\/uploads\/2025\/10\/Sin-titulo-1.jpg 404w, http:\/\/eolsantafe.com.ar\/eol\/wp-content\/uploads\/2025\/10\/Sin-titulo-1-300x267.jpg 300w\" sizes=\"auto, (max-width: 404px) 100vw, 404px\" \/><\/a><\/figure>\n<\/div><\/div>\n\n\n\n<div class=\"wp-block-column is-layout-flow wp-block-column-is-layout-flow\"><div class=\"wp-block-image is-style-default\">\n<figure class=\"aligncenter size-full is-resized\"><a href=\"https:\/\/www.lacan21.com\/sitio\/\"><img loading=\"lazy\" decoding=\"async\" width=\"404\" height=\"360\" src=\"http:\/\/eolsantafe.com.ar\/eol\/wp-content\/uploads\/2025\/10\/lacan-21.jpg\" alt=\"\" class=\"wp-image-1876\" style=\"width:150px\" srcset=\"http:\/\/eolsantafe.com.ar\/eol\/wp-content\/uploads\/2025\/10\/lacan-21.jpg 404w, http:\/\/eolsantafe.com.ar\/eol\/wp-content\/uploads\/2025\/10\/lacan-21-300x267.jpg 300w\" sizes=\"auto, (max-width: 404px) 100vw, 404px\" \/><\/a><\/figure>\n<\/div><\/div>\n\n\n\n<div class=\"wp-block-column is-layout-flow wp-block-column-is-layout-flow\"><div class=\"wp-block-image\">\n<figure class=\"aligncenter size-full is-resized\"><a href=\"https:\/\/lapatriadelsinthoma.wordpress.com\/\"><img loading=\"lazy\" decoding=\"async\" width=\"404\" height=\"360\" src=\"http:\/\/eolsantafe.com.ar\/eol\/wp-content\/uploads\/2025\/10\/ZADIG-1-2.jpg\" alt=\"\" class=\"wp-image-1887\" style=\"width:150px\" srcset=\"http:\/\/eolsantafe.com.ar\/eol\/wp-content\/uploads\/2025\/10\/ZADIG-1-2.jpg 404w, http:\/\/eolsantafe.com.ar\/eol\/wp-content\/uploads\/2025\/10\/ZADIG-1-2-300x267.jpg 300w\" sizes=\"auto, (max-width: 404px) 100vw, 404px\" \/><\/a><\/figure>\n<\/div><\/div>\n<\/div>\n\n\n\n<div class=\"wp-block-columns is-layout-flex wp-container-core-columns-is-layout-9d6595d7 wp-block-columns-is-layout-flex\" style=\"font-size:0px\">\n<div class=\"wp-block-column is-layout-flow wp-block-column-is-layout-flow\"><div class=\"wp-block-image\">\n<figure class=\"aligncenter size-full is-resized\"><a href=\"https:\/\/eol.org.ar\/\"><img loading=\"lazy\" decoding=\"async\" width=\"404\" height=\"360\" src=\"http:\/\/eolsantafe.com.ar\/eol\/wp-content\/uploads\/2025\/10\/eol-arg.jpg\" alt=\"\" class=\"wp-image-1878\" style=\"width:150px\" srcset=\"http:\/\/eolsantafe.com.ar\/eol\/wp-content\/uploads\/2025\/10\/eol-arg.jpg 404w, http:\/\/eolsantafe.com.ar\/eol\/wp-content\/uploads\/2025\/10\/eol-arg-300x267.jpg 300w\" sizes=\"auto, (max-width: 404px) 100vw, 404px\" \/><\/a><\/figure>\n<\/div><\/div>\n\n\n\n<div class=\"wp-block-column is-layout-flow wp-block-column-is-layout-flow\"><div class=\"wp-block-image\">\n<figure class=\"aligncenter size-full is-resized\"><a href=\"https:\/\/www.eolblog.ar\/\"><img loading=\"lazy\" decoding=\"async\" width=\"404\" height=\"360\" src=\"http:\/\/eolsantafe.com.ar\/eol\/wp-content\/uploads\/2025\/10\/EOL-BLOG.jpg\" alt=\"\" class=\"wp-image-1879\" style=\"width:150px\" srcset=\"http:\/\/eolsantafe.com.ar\/eol\/wp-content\/uploads\/2025\/10\/EOL-BLOG.jpg 404w, http:\/\/eolsantafe.com.ar\/eol\/wp-content\/uploads\/2025\/10\/EOL-BLOG-300x267.jpg 300w\" sizes=\"auto, (max-width: 404px) 100vw, 404px\" \/><\/a><\/figure>\n<\/div><\/div>\n\n\n\n<div class=\"wp-block-column is-layout-flow wp-block-column-is-layout-flow\"><div class=\"wp-block-image\">\n<figure class=\"aligncenter size-full is-resized\"><a href=\"https:\/\/www.revistavirtualia.com\/\"><img loading=\"lazy\" decoding=\"async\" width=\"404\" height=\"360\" src=\"http:\/\/eolsantafe.com.ar\/eol\/wp-content\/uploads\/2025\/10\/VIRTUALIA.jpg\" alt=\"\" class=\"wp-image-1880\" style=\"width:150px\" srcset=\"http:\/\/eolsantafe.com.ar\/eol\/wp-content\/uploads\/2025\/10\/VIRTUALIA.jpg 404w, http:\/\/eolsantafe.com.ar\/eol\/wp-content\/uploads\/2025\/10\/VIRTUALIA-300x267.jpg 300w\" sizes=\"auto, (max-width: 404px) 100vw, 404px\" \/><\/a><\/figure>\n<\/div><\/div>\n<\/div>\n\n\n\n<div class=\"wp-block-columns is-layout-flex wp-container-core-columns-is-layout-9d6595d7 wp-block-columns-is-layout-flex\" style=\"font-size:0px\">\n<div class=\"wp-block-column is-layout-flow wp-block-column-is-layout-flow\"><div class=\"wp-block-image\">\n<figure class=\"aligncenter size-full is-resized\"><a href=\"https:\/\/www.icdeba.org.ar\/\"><img loading=\"lazy\" decoding=\"async\" width=\"404\" height=\"360\" src=\"http:\/\/eolsantafe.com.ar\/eol\/wp-content\/uploads\/2025\/10\/icdeba.jpg\" alt=\"\" class=\"wp-image-1881\" style=\"width:150px\" srcset=\"http:\/\/eolsantafe.com.ar\/eol\/wp-content\/uploads\/2025\/10\/icdeba.jpg 404w, http:\/\/eolsantafe.com.ar\/eol\/wp-content\/uploads\/2025\/10\/icdeba-300x267.jpg 300w\" sizes=\"auto, (max-width: 404px) 100vw, 404px\" \/><\/a><\/figure>\n<\/div><\/div>\n\n\n\n<div class=\"wp-block-column is-layout-flow wp-block-column-is-layout-flow\"><div class=\"wp-block-image\">\n<figure class=\"aligncenter size-full is-resized\"><a href=\"https:\/\/cieccordoba.com.ar\/\"><img loading=\"lazy\" decoding=\"async\" width=\"404\" height=\"360\" src=\"http:\/\/eolsantafe.com.ar\/eol\/wp-content\/uploads\/2025\/10\/CIEC.jpg\" alt=\"\" class=\"wp-image-1882\" style=\"width:150px\" srcset=\"http:\/\/eolsantafe.com.ar\/eol\/wp-content\/uploads\/2025\/10\/CIEC.jpg 404w, http:\/\/eolsantafe.com.ar\/eol\/wp-content\/uploads\/2025\/10\/CIEC-300x267.jpg 300w\" sizes=\"auto, (max-width: 404px) 100vw, 404px\" \/><\/a><\/figure>\n<\/div><\/div>\n\n\n\n<div class=\"wp-block-column is-layout-flow wp-block-column-is-layout-flow\"><div class=\"wp-block-image\">\n<figure class=\"aligncenter size-full is-resized\"><a href=\"https:\/\/iom3.com.ar\/template.php?sec=delegaciones&amp;file=ciudades\/delegaciones\/parana.html\"><img loading=\"lazy\" decoding=\"async\" width=\"404\" height=\"360\" src=\"http:\/\/eolsantafe.com.ar\/eol\/wp-content\/uploads\/2025\/10\/IOM.jpg\" alt=\"\" class=\"wp-image-1883\" style=\"width:150px\" srcset=\"http:\/\/eolsantafe.com.ar\/eol\/wp-content\/uploads\/2025\/10\/IOM.jpg 404w, http:\/\/eolsantafe.com.ar\/eol\/wp-content\/uploads\/2025\/10\/IOM-300x267.jpg 300w\" sizes=\"auto, (max-width: 404px) 100vw, 404px\" \/><\/a><\/figure>\n<\/div><\/div>\n<\/div>\n\n\n\n<p><\/p>\n","protected":false},"excerpt":{"rendered":"<p>EOL Secci\u00f3n Santa Fe Integrada por miembros y participantes, la Secci\u00f3n Santa Fe fue creada el 16 de mayo de 1998, a partir de la&hellip;<\/p>\n","protected":false},"author":1,"featured_media":0,"parent":0,"menu_order":0,"comment_status":"closed","ping_status":"open","template":"","meta":{"footnotes":""},"class_list":["post-2","page","type-page","status-publish","hentry"],"_links":{"self":[{"href":"http:\/\/eolsantafe.com.ar\/eol\/wp-json\/wp\/v2\/pages\/2","targetHints":{"allow":["GET"]}}],"collection":[{"href":"http:\/\/eolsantafe.com.ar\/eol\/wp-json\/wp\/v2\/pages"}],"about":[{"href":"http:\/\/eolsantafe.com.ar\/eol\/wp-json\/wp\/v2\/types\/page"}],"author":[{"embeddable":true,"href":"http:\/\/eolsantafe.com.ar\/eol\/wp-json\/wp\/v2\/users\/1"}],"replies":[{"embeddable":true,"href":"http:\/\/eolsantafe.com.ar\/eol\/wp-json\/wp\/v2\/comments?post=2"}],"version-history":[{"count":56,"href":"http:\/\/eolsantafe.com.ar\/eol\/wp-json\/wp\/v2\/pages\/2\/revisions"}],"predecessor-version":[{"id":1896,"href":"http:\/\/eolsantafe.com.ar\/eol\/wp-json\/wp\/v2\/pages\/2\/revisions\/1896"}],"wp:attachment":[{"href":"http:\/\/eolsantafe.com.ar\/eol\/wp-json\/wp\/v2\/media?parent=2"}],"curies":[{"name":"wp","href":"https:\/\/api.w.org\/{rel}","templated":true}]}}